{"id":42,"date":"2026-01-01T11:13:39","date_gmt":"2026-01-01T10:13:39","guid":{"rendered":"https:\/\/stefan.boeck.name\/de\/impressum\/"},"modified":"2026-01-01T11:32:16","modified_gmt":"2026-01-01T10:32:16","slug":"impressum","status":"publish","type":"page","link":"https:\/\/stefan.boeck.name\/de\/impressum\/","title":{"rendered":"Impressum"},"content":{"rendered":"<h2>Angaben gem\u00e4\u00df \u00a7 5 TMG<\/h2>\n<p>Stefan B\u00f6ck<br \/>\nThalkirchner Str. 103<br \/>\n81371 M\u00fcnchen<\/p>\n<h2>Kontakt<\/h2>\n<p>E-Mail: blog@stefan.boeck.name<\/p>\n<h2>Redaktionell verantwortlich<\/h2>\n<p>Stefan B\u00f6ck<br \/>\nThalkirchner Str. 103<br \/>\n81371 M\u00fcnchen<\/p>\n","protected":false},"excerpt":{"rendered":"<p>Angaben gem\u00e4\u00df \u00a7 5 TMG Stefan B\u00f6ck Thalkirchner Str. 103 81371 M\u00fcnchen Kontakt E-Mail: blog@stefan.boeck.name Redaktionell verantwortlich Stefan B\u00f6ck Thalkirchner Str. 103 81371 M\u00fcnchen<\/p>\n","protected":false},"author":0,"featured_media":0,"parent":0,"menu_order":0,"comment_status":"closed","ping_status":"closed","template":"","meta":{"footnotes":""},"class_list":["post-42","page","type-page","status-publish","hentry"],"_links":{"self":[{"href":"https:\/\/stefan.boeck.name\/de\/wp-json\/wp\/v2\/pages\/42","targetHints":{"allow":["GET"]}}],"collection":[{"href":"https:\/\/stefan.boeck.name\/de\/wp-json\/wp\/v2\/pages"}],"about":[{"href":"https:\/\/stefan.boeck.name\/de\/wp-json\/wp\/v2\/types\/page"}],"replies":[{"embeddable":true,"href":"https:\/\/stefan.boeck.name\/de\/wp-json\/wp\/v2\/comments?post=42"}],"version-history":[{"count":1,"href":"https:\/\/stefan.boeck.name\/de\/wp-json\/wp\/v2\/pages\/42\/revisions"}],"predecessor-version":[{"id":49,"href":"https:\/\/stefan.boeck.name\/de\/wp-json\/wp\/v2\/pages\/42\/revisions\/49"}],"wp:attachment":[{"href":"https:\/\/stefan.boeck.name\/de\/wp-json\/wp\/v2\/media?parent=42"}],"curies":[{"name":"wp","href":"https:\/\/api.w.org\/{rel}","templated":true}]}}